{"id":4119,"date":"2025-11-26T11:32:53","date_gmt":"2025-11-26T11:32:53","guid":{"rendered":"https:\/\/www.sherrodandbernard.com\/?page_id=4119"},"modified":"2024-02-29T06:12:28","modified_gmt":"2024-02-29T06:12:28","slug":"abogado-de-accidentes-de-auto","status":"publish","type":"page","link":"https:\/\/www.sherrodandbernard.com\/es\/abogado-de-accidentes-de-auto\/","title":{"rendered":"Abogado de accidentes de auto"},"content":{"rendered":"<p>Desde 1992, los abogados de lesiones personales de Sherrod &amp; Bernard, P.C., han ayudado a personas en todo Douglasville y comunidades cercanas a recuperarse de lesiones sufridas en accidentes de auto que fueron culpa de otra persona. A trav\u00e9s de una representaci\u00f3n cuidadosa y compasiva y una defensa entusiasta, nuestros abogados de accidentes de auto han construido una reputaci\u00f3n como abogados locales de confianza con las v\u00edctimas que sufren lesiones graves.<\/p>\n<p>Entre las muchas cosas con las que podemos ayudar a los clientes, los accidentes de auto son quiz\u00e1s una de las causas m\u00e1s comunes de lesiones que experimentan las personas. Afortunadamente, podemos ayudar si alguien m\u00e1s caus\u00f3 el accidente.<\/p>\n<p>Si resulta herido en un accidente de auto y otra persona tuvo la culpa, nuestro equipo quiere ayudarle a recuperar una compensaci\u00f3n financiera para pagar sus facturas y seguir adelante con su vida. Llame a nuestro equipo hoy para una consulta gratuita y asesoramiento sobre sus mejores opciones legales para buscar compensaci\u00f3n.<\/p>\n<h2>\u00bfQu\u00e9 tipos de compensaci\u00f3n est\u00e1 disponible en un reclamo por accidente de auto?<\/h2>\n<p>Existe mucha desinformaci\u00f3n tanto en Internet como en la televisi\u00f3n. Los abogados pueden afirmar que le garantizan esto o aquello, pero en verdad, nadie puede garantizarle un resultado. Si bien la mayor\u00eda de las personas est\u00e1n interesadas en averiguar el valor de su caso, simplemente es algo muy dif\u00edcil de estimar, porque los jurados est\u00e1n compuestos por personas normales que pueden ver las cosas de maneras muy diferentes.<\/p>\n<p>En general, sin embargo, estas son algunas de las cosas por las cuales la ley de Georgia le permite buscar una compensaci\u00f3n a trav\u00e9s de un reclamo por lesiones:<\/p>\n<div class=\"row\">\n<ul class=\"col-md-6 col-lg-12 col-xl-6\">\n<li>Dolor y sufrimiento f\u00edsico<\/li>\n<li>Estr\u00e9s emocional<\/li>\n<li>P\u00e9rdida del disfrute de una vida normal<\/li>\n<li>Gastos m\u00e9dicos pasados<\/li>\n<\/ul>\n<ul class=\"col-md-6 col-lg-12 col-xl-6\">\n<li>Gastos m\u00e9dicos futuros<\/li>\n<li>Ganancias perdidas<\/li>\n<li>Futuros salarios perdidos<\/li>\n<\/ul>\n<\/div>\n<p>Si la negligencia de alguien le quita la vida a un ser querido, existen tipos adicionales de compensaci\u00f3n que pueden estar disponibles, que incluyen:<\/p>\n<ul>\n<li>Dinero para reembolsar los gastos finales<\/li>\n<li>Compensaci\u00f3n por la p\u00e9rdida de un ser querido<\/li>\n<li>P\u00e9rdida de apoyo conyugal<\/li>\n<li>P\u00e9rdida de amor y afecto<\/li>\n<\/ul>\n<p>Despu\u00e9s de una lesi\u00f3n grave en un accidente de auto en Douglasville, Georgia, no se pregunte en silencio sobre su derecho a una compensaci\u00f3n por parte del conductor culpable. Llame a Sherrod &amp; Bernard, P.C., hoy.<\/p>\n<p><a class=\"btn btn-line\" href=\"https:\/\/www.sherrodandbernard.com\/es\/contacto\/\">CONT\u00c1CTENOS AHORA<\/a><\/p>\n<h2>Pasos a Seguir Para Proteger Sus Derechos Despu\u00e9s de Un Accidente De Auto<\/h2>\n<p><strong>Despu\u00e9s de un accidente de auto, aqu\u00ed hay algunos pasos simples y directos que debe seguir para protegerse y proteger su caso:<\/strong><\/p>\n<h3>Asegure La Escena<\/h3>\n<p>Si los veh\u00edculos est\u00e1n bloqueando el tr\u00e1fico y creando un peligro, debe intentar llegar a un arc\u00e9n y salir de la carretera principal si es posible. No desea verse involucrado en un choque secundario, donde otro golpee su veh\u00edculo. Si est\u00e1 gravemente herido, los veh\u00edculos no funcionan o no es seguro hacerlo, qu\u00e9dese en su veh\u00edculo y espere a que llegue la ayuda. Encienda las luces intermitentes del veh\u00edculo para que sea m\u00e1s notorio para el tr\u00e1fico.<\/p>\n<h3>Llame Al 911<\/h3>\n<p>Pida ayuda. Debe hacer esto en cualquier caso de un accidente de auto donde haya da\u00f1os a los veh\u00edculos o lesiones. No solo es \u00fatil para conservar pruebas y proteger sus derechos, sino que tambi\u00e9n es un requisito legal en Georgia. Los accidentes deben ser reportados a la polic\u00eda. Nunca deje que alguien lo convenza de \u201csimplemente resolverlo sin la polic\u00eda\u201d. La polic\u00eda puede ayudar a que la escena sea m\u00e1s segura, y puede disipar las tensiones y evitar que las personas agresivas o molestas se vuelvan violentas.<\/p>\n<h3>Tome Fotos<\/h3>\n<p>Si es seguro hacerlo y se siente c\u00f3modo, tome fotos de todo lo que pueda. Tome fotos de:<\/p>\n<div class=\"row\">\n<ul class=\"col-md-6 col-lg-12 col-xl-6\">\n<li>Da\u00f1os a su autom\u00f3vil y a los otros autom\u00f3viles<\/li>\n<li>La escena (de cerca y de lejos)<\/li>\n<li>Sem\u00e1foros y la intersecci\u00f3n (si corresponde)<\/li>\n<\/ul>\n<ul class=\"col-md-6 col-lg-12 col-xl-6\">\n<li>N\u00fameros de matr\u00edcula<\/li>\n<li>Marcas de neum\u00e1ticos<\/li>\n<li>Cualquier otra cosa que crea que podr\u00eda ser \u00fatil<\/li>\n<\/ul>\n<\/div>\n<h3>Obtenga Tratamiento M\u00e9dico de Emergencia<\/h3>\n<p>Algunas lesiones pueden tardar semanas en manifestarse por completo, pero si espera tanto tiempo para que lo vea un m\u00e9dico, una aseguradora podr\u00eda argumentar que sus lesiones no se debieron al accidente. Adem\u00e1s, habr\u00e1 perdido un tiempo de tratamiento crucial tratando de solucionar el problema, lo que provocar\u00e1 un dolor prolongado y una recuperaci\u00f3n m\u00e1s prolongada. El tratamiento y diagn\u00f3stico temprano es clave.<\/p>\n<h3>Siga Las Recomendaciones del M\u00e9dico<\/h3>\n<p>Cuando obtenga atenci\u00f3n para sus lesiones, sus m\u00e9dicos elaborar\u00e1n un plan de tratamiento. Esto puede incluir radiograf\u00edas, resonancias magn\u00e9ticas, tomograf\u00edas computarizadas, fisioterapia, inyecciones, medicamentos u otros tratamientos. En general, debe tratar de hacer todas sus citas y cumplir con su plan de tratamiento. Por supuesto, si tiene inquietudes sobre el plan de su m\u00e9dico o necesita una segunda opini\u00f3n, tambi\u00e9n est\u00e1 bien. Pero faltar a las citas y hacer cosas que su m\u00e9dico le indic\u00f3 que evite podr\u00eda poner en peligro su caso.<\/p>\n<h3>Mant\u00e9ngase Alejado de Las Redes Sociales<\/h3>\n<p>Muchos grandes casos han sido destruidos debido a publicaciones descuidadas en Internet. Las aseguradoras a menudo toman fotograf\u00edas y declaraciones fuera de contexto y modifican las publicaciones en las redes sociales en un intento por reducir lo que tienen que pagar. Nuestra mejor recomendaci\u00f3n es simplemente mantenerse alejado de los sitios de redes sociales hasta que se resuelva su caso.<\/p>\n<h3>Llame a Sherrod y Bernard, P.C.<\/h3>\n<p>No asuma que todos los abogados son iguales. Muchas grandes firmas nacionales delegan los casos de accidentes de auto a una f\u00e1brica virtual de asistentes legales y personal, con un abogado que a menudo maneja cientos, a veces miles, de archivos. Los abogados de accidentes de auto a menudo est\u00e1n tan sobrecargados de trabajo que es posible que ni siquiera sepan los nombres de todos sus clientes. Con nuestra firma, puede contar con asesores locales confiables que lo escuchar\u00e1n pacientemente y lo aconsejar\u00e1n a trav\u00e9s de los desaf\u00edos de un caso de lesiones personales.<\/p>\n<p>Me lastim\u00e9 en un accidente de auto en Douglasville. Me puse en contacto con Ken y fue de gran ayuda. Mis facturas m\u00e9dicas y retrasos del seguro de salud se redujeron gracias al arduo trabajo de Ken y, como resultado, recib\u00ed un cheque justo. Recomiendo a Ken y sus servicios legales si necesita un abogado para un accidente.<\/p>\n<p>-William Jacobs, Douglasville, Georgia<\/p>\n","protected":false},"excerpt":{"rendered":"<p>Desde 1992, los abogados de lesiones personales de Sherrod &amp; Bernard, P.C., han ayudado a personas en todo Douglasville y comunidades cercanas a recuperarse de lesiones sufridas en accidentes de auto que fueron culpa de otra persona. A trav\u00e9s de una representaci\u00f3n cuidadosa y compasiva y una defensa&#8230;<\/p>\n","protected":false},"author":3,"featured_media":19249,"parent":0,"menu_order":91,"comment_status":"closed","ping_status":"closed","template":"practice-area.php","meta":{"_acf_changed":false,"footnotes":""},"class_list":["post-4119","page","type-page","status-publish","has-post-thumbnail","hentry"],"acf":[],"yoast_head":"<!-- This site is optimized with the Yoast SEO plugin v27.2 - https:\/\/yoast.com\/product\/yoast-seo-wordpress\/ -->\n<title>Abogado de Accidentes de Auto | Sherrod &amp; Bernard, P.C.<\/title>\n<meta name=\"description\" content=\"Si sufri\u00f3 una lesi\u00f3n por culpa de otra persona en un accidente de auto, cont\u00e1ctenos para revisar su caso y hacerle saber sus opciones legales.\" \/>\n<meta name=\"robots\" content=\"index, follow, max-snippet:-1, max-image-preview:large, max-video-preview:-1\" \/>\n<link rel=\"canonical\" href=\"https:\/\/www.sherrodandbernard.com\/es\/abogado-de-accidentes-de-auto\/\" \/>\n<meta property=\"og:locale\" content=\"es_ES\" \/>\n<meta property=\"og:type\" content=\"article\" \/>\n<meta property=\"og:title\" content=\"Abogado de Accidentes de Auto | Sherrod &amp; Bernard, P.C.\" \/>\n<meta property=\"og:description\" content=\"Si sufri\u00f3 una lesi\u00f3n por culpa de otra persona en un accidente de auto, cont\u00e1ctenos para revisar su caso y hacerle saber sus opciones legales.\" \/>\n<meta property=\"og:url\" content=\"https:\/\/www.sherrodandbernard.com\/es\/abogado-de-accidentes-de-auto\/\" \/>\n<meta property=\"og:site_name\" content=\"Sherrod &amp; Bernard, P.C.\" \/>\n<meta property=\"article:publisher\" content=\"https:\/\/www.facebook.com\/sherrodandbernard\/\" \/>\n<meta property=\"og:image\" content=\"https:\/\/www.sherrodandbernard.com\/wp-content\/uploads\/2024\/02\/car-accident-lawyer.jpg\" \/>\n\t<meta property=\"og:image:width\" content=\"810\" \/>\n\t<meta property=\"og:image:height\" content=\"250\" \/>\n\t<meta property=\"og:image:type\" content=\"image\/jpeg\" \/>\n<meta name=\"twitter:card\" content=\"summary_large_image\" \/>\n<meta name=\"twitter:site\" content=\"@Sherrod_Bernard\" \/>\n<meta name=\"twitter:label1\" content=\"Tiempo de lectura\" \/>\n\t<meta name=\"twitter:data1\" content=\"5 minutos\" \/>\n<!-- \/ Yoast SEO plugin. -->","yoast_head_json":{"title":"Abogado de Accidentes de Auto | Sherrod & Bernard, P.C.","description":"Si sufri\u00f3 una lesi\u00f3n por culpa de otra persona en un accidente de auto, cont\u00e1ctenos para revisar su caso y hacerle saber sus opciones legales.","robots":{"index":"index","follow":"follow","max-snippet":"max-snippet:-1","max-image-preview":"max-image-preview:large","max-video-preview":"max-video-preview:-1"},"canonical":"https:\/\/www.sherrodandbernard.com\/es\/abogado-de-accidentes-de-auto\/","og_locale":"es_ES","og_type":"article","og_title":"Abogado de Accidentes de Auto | Sherrod & Bernard, P.C.","og_description":"Si sufri\u00f3 una lesi\u00f3n por culpa de otra persona en un accidente de auto, cont\u00e1ctenos para revisar su caso y hacerle saber sus opciones legales.","og_url":"https:\/\/www.sherrodandbernard.com\/es\/abogado-de-accidentes-de-auto\/","og_site_name":"Sherrod &amp; Bernard, P.C.","article_publisher":"https:\/\/www.facebook.com\/sherrodandbernard\/","og_image":[{"width":810,"height":250,"url":"https:\/\/www.sherrodandbernard.com\/wp-content\/uploads\/2024\/02\/car-accident-lawyer.jpg","type":"image\/jpeg"}],"twitter_card":"summary_large_image","twitter_site":"@Sherrod_Bernard","twitter_misc":{"Tiempo de lectura":"5 minutos"},"schema":{"@context":"https:\/\/schema.org","@graph":[{"@type":"WebPage","@id":"https:\/\/www.sherrodandbernard.com\/es\/abogado-de-accidentes-de-auto\/","url":"https:\/\/www.sherrodandbernard.com\/es\/abogado-de-accidentes-de-auto\/","name":"Abogado de Accidentes de Auto | Sherrod & Bernard, P.C.","isPartOf":{"@id":"https:\/\/www.sherrodandbernard.com\/es\/#website"},"primaryImageOfPage":{"@id":"https:\/\/www.sherrodandbernard.com\/es\/abogado-de-accidentes-de-auto\/#primaryimage"},"image":{"@id":"https:\/\/www.sherrodandbernard.com\/es\/abogado-de-accidentes-de-auto\/#primaryimage"},"thumbnailUrl":"https:\/\/www.sherrodandbernard.com\/wp-content\/uploads\/2024\/02\/car-accident-lawyer.jpg","datePublished":"2025-11-26T11:32:53+00:00","description":"Si sufri\u00f3 una lesi\u00f3n por culpa de otra persona en un accidente de auto, cont\u00e1ctenos para revisar su caso y hacerle saber sus opciones legales.","breadcrumb":{"@id":"https:\/\/www.sherrodandbernard.com\/es\/abogado-de-accidentes-de-auto\/#breadcrumb"},"inLanguage":"es","potentialAction":[{"@type":"ReadAction","target":["https:\/\/www.sherrodandbernard.com\/es\/abogado-de-accidentes-de-auto\/"]}]},{"@type":"ImageObject","inLanguage":"es","@id":"https:\/\/www.sherrodandbernard.com\/es\/abogado-de-accidentes-de-auto\/#primaryimage","url":"https:\/\/www.sherrodandbernard.com\/wp-content\/uploads\/2024\/02\/car-accident-lawyer.jpg","contentUrl":"https:\/\/www.sherrodandbernard.com\/wp-content\/uploads\/2024\/02\/car-accident-lawyer.jpg","width":810,"height":250,"caption":"person driving on road with sun shining into their eyes"},{"@type":"BreadcrumbList","@id":"https:\/\/www.sherrodandbernard.com\/es\/abogado-de-accidentes-de-auto\/#breadcrumb","itemListElement":[{"@type":"ListItem","position":1,"name":"Inicio","item":"https:\/\/www.sherrodandbernard.com\/es\/inicio\/"},{"@type":"ListItem","position":2,"name":"Abogado de accidentes de auto"}]},{"@type":"WebSite","@id":"https:\/\/www.sherrodandbernard.com\/es\/#website","url":"https:\/\/www.sherrodandbernard.com\/es\/","name":"Sherrod & Bernard, P.C.","description":"","publisher":{"@id":"https:\/\/www.sherrodandbernard.com\/es\/#organization"},"potentialAction":[{"@type":"SearchAction","target":{"@type":"EntryPoint","urlTemplate":"https:\/\/www.sherrodandbernard.com\/es\/?s={search_term_string}"},"query-input":{"@type":"PropertyValueSpecification","valueRequired":true,"valueName":"search_term_string"}}],"inLanguage":"es"},{"@type":"Organization","@id":"https:\/\/www.sherrodandbernard.com\/es\/#organization","name":"Sherrod & Bernard, P.C.","url":"https:\/\/www.sherrodandbernard.com\/es\/","logo":{"@type":"ImageObject","inLanguage":"es","@id":"https:\/\/www.sherrodandbernard.com\/es\/#\/schema\/logo\/image\/","url":"https:\/\/www.sherrodandbernard.com\/wp-content\/uploads\/2024\/03\/SB-Logo-1.png","contentUrl":"https:\/\/www.sherrodandbernard.com\/wp-content\/uploads\/2024\/03\/SB-Logo-1.png","width":300,"height":109,"caption":"Sherrod & Bernard, P.C."},"image":{"@id":"https:\/\/www.sherrodandbernard.com\/es\/#\/schema\/logo\/image\/"},"sameAs":["https:\/\/www.facebook.com\/sherrodandbernard\/","https:\/\/x.com\/Sherrod_Bernard","https:\/\/www.linkedin.com\/company\/sherrod-&amp;-bernard-p-c-\/","https:\/\/www.youtube.com\/channel\/UCNK4EK-AuNLyADEP1Gsgx7w\/featured"]}]}},"_links":{"self":[{"href":"https:\/\/www.sherrodandbernard.com\/es\/wp-json\/wp\/v2\/pages\/4119","targetHints":{"allow":["GET"]}}],"collection":[{"href":"https:\/\/www.sherrodandbernard.com\/es\/wp-json\/wp\/v2\/pages"}],"about":[{"href":"https:\/\/www.sherrodandbernard.com\/es\/wp-json\/wp\/v2\/types\/page"}],"author":[{"embeddable":true,"href":"https:\/\/www.sherrodandbernard.com\/es\/wp-json\/wp\/v2\/users\/3"}],"replies":[{"embeddable":true,"href":"https:\/\/www.sherrodandbernard.com\/es\/wp-json\/wp\/v2\/comments?post=4119"}],"version-history":[{"count":2,"href":"https:\/\/www.sherrodandbernard.com\/es\/wp-json\/wp\/v2\/pages\/4119\/revisions"}],"predecessor-version":[{"id":19240,"href":"https:\/\/www.sherrodandbernard.com\/es\/wp-json\/wp\/v2\/pages\/4119\/revisions\/19240"}],"wp:featuredmedia":[{"embeddable":true,"href":"https:\/\/www.sherrodandbernard.com\/es\/wp-json\/wp\/v2\/media\/19249"}],"wp:attachment":[{"href":"https:\/\/www.sherrodandbernard.com\/es\/wp-json\/wp\/v2\/media?parent=4119"}],"curies":[{"name":"wp","href":"https:\/\/api.w.org\/{rel}","templated":true}]}}