{"id":4112,"date":"2024-01-23T11:32:10","date_gmt":"2024-01-23T11:32:10","guid":{"rendered":"https:\/\/www.sherrodandbernard.com\/?page_id=4112"},"modified":"2024-02-24T13:18:16","modified_gmt":"2024-02-24T13:18:16","slug":"abogado-de-accidentes-de-motocicleta","status":"publish","type":"page","link":"https:\/\/www.sherrodandbernard.com\/es\/abogado-de-accidentes-de-motocicleta\/","title":{"rendered":"Abogado de accidentes de motocicleta"},"content":{"rendered":"<p>Si usted o alguien cercano a usted result\u00f3 herido en un accidente de motocicleta en Georgia, los abogados de accidentes de motocicleta de Sherrod &amp; Bernard, P.C., est\u00e1n listos para ayudarle. Es probable que ya conozca los desaf\u00edos espec\u00edficos que conlleva un accidente de motocicleta grave: las lesiones devastadoras, la p\u00e9rdida de ingresos, los da\u00f1os costosos a su propiedad y el desaf\u00edo de demostrar que no era usted quien conduc\u00eda de manera imprudente.<\/p>\n<p>Las v\u00edctimas de accidentes de motocicleta enfrentan estos y otros desaf\u00edos. Es m\u00e1s probable que sufran da\u00f1os graves en caso de un choque, incluso aquellos que viajan a baja velocidad. Cuando buscan una compensaci\u00f3n, los motociclistas a menudo tienen que enfrentar prejuicios injustos por parte de los representantes de las aseguradoras que podr\u00edan pensar que todos los motociclistas son personas que toman riesgos y no cumplen con las reglas.<\/p>\n<p>Para los abogados de accidentes de motocicleta de Sherrod &amp; Bernard, P.C., no es un rebelde solo porque conduce una motocicleta. Si est\u00e1 herido, estamos listos para luchar por la compensaci\u00f3n que se le debe.<\/p>\n<p>Nuestros abogados litigantes tienen m\u00e1s de 75 a\u00f1os de experiencia ayudando a nuestros amigos y vecinos en Douglasville y sus alrededores. Estamos aqu\u00ed para defenderlo despu\u00e9s de un accidente de motocicleta grave. Para la aseguradora, usted puede ser solo un n\u00famero, pero para nosotros, es nuestro vecino y nuestro amigo. Estamos listos para poner nuestra experiencia y habilidad a trabajar para usted.<\/p>\n<p>Para programar una consulta gratuita y sin compromiso para discutir su caso con un abogado de accidentes de motocicleta con experiencia en Georgia, <a href=\"https:\/\/www.sherrodandbernard.com\/es\/contacto\/\">cont\u00e1ctenos<\/a> por tel\u00e9fono o en l\u00ednea hoy.<\/p>\n<h2>\u00bfPor qu\u00e9 los casos de accidentes de motocicleta son m\u00e1s complejos?<\/h2>\n<p>Los reclamos por accidentes de motocicleta suelen ser m\u00e1s complejos debido a las lesiones graves que son el resultado desafortunado pero com\u00fan de los choques que involucran motocicletas y veh\u00edculos motorizados m\u00e1s grandes. Las v\u00edctimas a menudo sufren lesiones catastr\u00f3ficas que pueden requerir un tratamiento y rehabilitaci\u00f3n prolongados, o pueden tener un impacto permanente en su salud, movilidad y vida.<\/p>\n<p>Tambi\u00e9n hay limitaciones a lo que la gente sabe sobre las leyes de accidentes de motocicletas en Georgia. Por ejemplo, la ley estatal requiere que todos los motociclistas usen cascos. Sin embargo, no usar casco no debe evitar que un motociclista lesionado recupere una compensaci\u00f3n de la parte culpable del choque.<\/p>\n<p>Conducir entre carriles es ilegal en Georgia, y los accidentes en los que el motociclista lo hizo podr\u00edan descartar el reclamo por accidente por completo, algo que muchos no saben.<\/p>\n<p>Hay otros elementos que hacen que los reclamos de motocicletas sean m\u00e1s complejos, por ejemplo:<\/p>\n<ul>\n<li><strong>Sesgo del jurado.<\/strong> Es probable que un abogado de lesiones personales con experiencia en juicios construya su caso para el juicio, independientemente de si el caso llega tan lejos. Los jurados a menudo tienen prejuicios contra los motociclistas, y algunos creen que, en primer lugar, no deber\u00edan estar en la carretera. Muchos miembros del p\u00fablico ven a todos los motociclistas como rebeldes y arriesgados. Superar este sesgo puede ser un desaf\u00edo.<\/li>\n<li><strong>Sesgo de la aseguradora.<\/strong> Las aseguradoras pueden intentar aprovecharse del prejuicio anti-motociclista de la sociedad. A menudo clasifican a los motociclistas como de \u201calto riesgo\u201d, hacen todo lo posible por reducir la gravedad del accidente e incluso echan la culpa al motociclista.<\/li>\n<\/ul>\n<p>Cuando haya resultado herido en un accidente de motocicleta, autom\u00f3vil o si ha perdido a alguien cercano a usted en un accidente de motocicleta, no se desespere. La ayuda legal est\u00e1 disponible para usted y podr\u00eda obtener la compensaci\u00f3n y la justicia que se merece. Al contratar a un abogado con la experiencia, las habilidades y los recursos adecuados para manejar su caso, tendr\u00e1 m\u00e1s posibilidades de obtener el dinero que necesita para reconstruir y seguir adelante con su vida.<\/p>\n<h2>\u00bfC\u00f3mo puede ayudar un abogado de accidentes de motocicleta en Douglasville?<\/h2>\n<p>La mayor\u00eda de las v\u00edctimas de accidentes de motocicleta carecen de los recursos, el tiempo o la experiencia necesarios para luchar solos contra las aseguradoras. Hay una forma profesional de acercarse a las aseguradoras utilizando un lenguaje que entender\u00e1n f\u00e1cilmente, un enfoque que lleva a\u00f1os perfeccionar, raz\u00f3n por la cual contratar a un abogado experimentado en accidentes es el m\u00e9todo preferido para litigar reclamos por accidentes.<\/p>\n<p>Los abogados de accidentes de motocicleta en Georgia como los de Sherrod &amp; Bernard, P.C., tienen experiencia en leyes de seguros. Saben c\u00f3mo los ajustadores y el abogado de la aseguradora abordar\u00e1n el caso. Tener esta experiencia permite que las negociaciones sean mucho m\u00e1s fluidas que si una aseguradora llama a la v\u00edctima y niega rotundamente su reclamo o le ofrece un acuerdo m\u00ednimo para que se vaya.<\/p>\n<p>Otras razones convincentes por las que los abogados de accidentes de motocicleta son mucho m\u00e1s h\u00e1biles en las negociaciones y el manejo de estos casos que la persona promedio incluyen:<\/p>\n<ul>\n<li>Los abogados conocen los plazos de presentaci\u00f3n, cu\u00e1ndo y por qu\u00e9 se deben presentar las mociones, todas las leyes de seguridad de motocicletas y qu\u00e9 estatuto de limitaciones se aplica a su caso. Est\u00e1n adecuadamente equipados para manejar casos en los que las falsedades de la parte culpable son, en el mejor de los casos, extra\u00f1as.<\/li>\n<li>Los abogados pueden citar informaci\u00f3n confidencial relacionada con su accidente mucho m\u00e1s r\u00e1pido que los litigantes que no son abogados.<\/li>\n<\/ul>\n<p>Si esas razones no son lo suficientemente convincentes, recuerde que los abogados de accidentes de motocicleta y sus respectivas firmas pagan la totalidad de la factura: pagan a su personal, tarifas de presentaci\u00f3n y cualquier factura adicional que pueda estar relacionada con su caso, y no le cobran nada si pierde.<\/p>\n<p>Para muchos, esta es raz\u00f3n suficiente para contratar ayuda legal despu\u00e9s de un accidente.<\/p>\n","protected":false},"excerpt":{"rendered":"<p>Si usted o alguien cercano a usted result\u00f3 herido en un accidente de motocicleta en Georgia, los abogados de accidentes de motocicleta de Sherrod &amp; Bernard, P.C., est\u00e1n listos para ayudarle. Es probable que ya conozca los desaf\u00edos espec\u00edficos que conlleva un accidente de motocicleta grave: las lesiones&#8230;<\/p>\n","protected":false},"author":3,"featured_media":16861,"parent":0,"menu_order":99,"comment_status":"closed","ping_status":"closed","template":"practice-area.php","meta":{"_acf_changed":false,"footnotes":""},"class_list":["post-4112","page","type-page","status-publish","has-post-thumbnail","hentry"],"acf":[],"yoast_head":"<!-- This site is optimized with the Yoast SEO plugin v27.2 - https:\/\/yoast.com\/product\/yoast-seo-wordpress\/ -->\n<title>Abogado de Accidentes de Motocicleta | Sherrod &amp; Bernard, P.C.<\/title>\n<meta name=\"description\" content=\"Si sufri\u00f3 un accidente de motocicleta por culpa de alguien m\u00e1s, cont\u00e1ctenos para revisar su caso de forma gratuita y hacerle saber sus opciones legales.\" \/>\n<meta name=\"robots\" content=\"index, follow, max-snippet:-1, max-image-preview:large, max-video-preview:-1\" \/>\n<link rel=\"canonical\" href=\"https:\/\/www.sherrodandbernard.com\/es\/abogado-de-accidentes-de-motocicleta\/\" \/>\n<meta property=\"og:locale\" content=\"es_ES\" \/>\n<meta property=\"og:type\" content=\"article\" \/>\n<meta property=\"og:title\" content=\"Abogado de Accidentes de Motocicleta | Sherrod &amp; Bernard, P.C.\" \/>\n<meta property=\"og:description\" content=\"Si sufri\u00f3 un accidente de motocicleta por culpa de alguien m\u00e1s, cont\u00e1ctenos para revisar su caso de forma gratuita y hacerle saber sus opciones legales.\" \/>\n<meta property=\"og:url\" content=\"https:\/\/www.sherrodandbernard.com\/es\/abogado-de-accidentes-de-motocicleta\/\" \/>\n<meta property=\"og:site_name\" content=\"Sherrod &amp; Bernard, P.C.\" \/>\n<meta property=\"article:publisher\" content=\"https:\/\/www.facebook.com\/sherrodandbernard\/\" \/>\n<meta property=\"article:modified_time\" content=\"2024-02-24T13:18:16+00:00\" \/>\n<meta property=\"og:image\" content=\"https:\/\/www.sherrodandbernard.com\/wp-content\/uploads\/2024\/02\/motorcycle-accident-lawyer.jpeg\" \/>\n\t<meta property=\"og:image:width\" content=\"810\" \/>\n\t<meta property=\"og:image:height\" content=\"250\" \/>\n\t<meta property=\"og:image:type\" content=\"image\/jpeg\" \/>\n<meta name=\"twitter:card\" content=\"summary_large_image\" \/>\n<meta name=\"twitter:site\" content=\"@Sherrod_Bernard\" \/>\n<meta name=\"twitter:label1\" content=\"Tiempo de lectura\" \/>\n\t<meta name=\"twitter:data1\" content=\"5 minutos\" \/>\n<!-- \/ Yoast SEO plugin. -->","yoast_head_json":{"title":"Abogado de Accidentes de Motocicleta | Sherrod & Bernard, P.C.","description":"Si sufri\u00f3 un accidente de motocicleta por culpa de alguien m\u00e1s, cont\u00e1ctenos para revisar su caso de forma gratuita y hacerle saber sus opciones legales.","robots":{"index":"index","follow":"follow","max-snippet":"max-snippet:-1","max-image-preview":"max-image-preview:large","max-video-preview":"max-video-preview:-1"},"canonical":"https:\/\/www.sherrodandbernard.com\/es\/abogado-de-accidentes-de-motocicleta\/","og_locale":"es_ES","og_type":"article","og_title":"Abogado de Accidentes de Motocicleta | Sherrod & Bernard, P.C.","og_description":"Si sufri\u00f3 un accidente de motocicleta por culpa de alguien m\u00e1s, cont\u00e1ctenos para revisar su caso de forma gratuita y hacerle saber sus opciones legales.","og_url":"https:\/\/www.sherrodandbernard.com\/es\/abogado-de-accidentes-de-motocicleta\/","og_site_name":"Sherrod &amp; Bernard, P.C.","article_publisher":"https:\/\/www.facebook.com\/sherrodandbernard\/","article_modified_time":"2024-02-24T13:18:16+00:00","og_image":[{"width":810,"height":250,"url":"https:\/\/www.sherrodandbernard.com\/wp-content\/uploads\/2024\/02\/motorcycle-accident-lawyer.jpeg","type":"image\/jpeg"}],"twitter_card":"summary_large_image","twitter_site":"@Sherrod_Bernard","twitter_misc":{"Tiempo de lectura":"5 minutos"},"schema":{"@context":"https:\/\/schema.org","@graph":[{"@type":"WebPage","@id":"https:\/\/www.sherrodandbernard.com\/es\/abogado-de-accidentes-de-motocicleta\/","url":"https:\/\/www.sherrodandbernard.com\/es\/abogado-de-accidentes-de-motocicleta\/","name":"Abogado de Accidentes de Motocicleta | Sherrod & Bernard, P.C.","isPartOf":{"@id":"https:\/\/www.sherrodandbernard.com\/es\/#website"},"primaryImageOfPage":{"@id":"https:\/\/www.sherrodandbernard.com\/es\/abogado-de-accidentes-de-motocicleta\/#primaryimage"},"image":{"@id":"https:\/\/www.sherrodandbernard.com\/es\/abogado-de-accidentes-de-motocicleta\/#primaryimage"},"thumbnailUrl":"https:\/\/www.sherrodandbernard.com\/wp-content\/uploads\/2024\/02\/motorcycle-accident-lawyer.jpeg","datePublished":"2024-01-23T11:32:10+00:00","dateModified":"2024-02-24T13:18:16+00:00","description":"Si sufri\u00f3 un accidente de motocicleta por culpa de alguien m\u00e1s, cont\u00e1ctenos para revisar su caso de forma gratuita y hacerle saber sus opciones legales.","breadcrumb":{"@id":"https:\/\/www.sherrodandbernard.com\/es\/abogado-de-accidentes-de-motocicleta\/#breadcrumb"},"inLanguage":"es","potentialAction":[{"@type":"ReadAction","target":["https:\/\/www.sherrodandbernard.com\/es\/abogado-de-accidentes-de-motocicleta\/"]}]},{"@type":"ImageObject","inLanguage":"es","@id":"https:\/\/www.sherrodandbernard.com\/es\/abogado-de-accidentes-de-motocicleta\/#primaryimage","url":"https:\/\/www.sherrodandbernard.com\/wp-content\/uploads\/2024\/02\/motorcycle-accident-lawyer.jpeg","contentUrl":"https:\/\/www.sherrodandbernard.com\/wp-content\/uploads\/2024\/02\/motorcycle-accident-lawyer.jpeg","width":810,"height":250,"caption":"motorcycle rider in city traffic"},{"@type":"BreadcrumbList","@id":"https:\/\/www.sherrodandbernard.com\/es\/abogado-de-accidentes-de-motocicleta\/#breadcrumb","itemListElement":[{"@type":"ListItem","position":1,"name":"Inicio","item":"https:\/\/www.sherrodandbernard.com\/es\/inicio\/"},{"@type":"ListItem","position":2,"name":"Abogado de accidentes de motocicleta"}]},{"@type":"WebSite","@id":"https:\/\/www.sherrodandbernard.com\/es\/#website","url":"https:\/\/www.sherrodandbernard.com\/es\/","name":"Sherrod & Bernard, P.C.","description":"","publisher":{"@id":"https:\/\/www.sherrodandbernard.com\/es\/#organization"},"potentialAction":[{"@type":"SearchAction","target":{"@type":"EntryPoint","urlTemplate":"https:\/\/www.sherrodandbernard.com\/es\/?s={search_term_string}"},"query-input":{"@type":"PropertyValueSpecification","valueRequired":true,"valueName":"search_term_string"}}],"inLanguage":"es"},{"@type":"Organization","@id":"https:\/\/www.sherrodandbernard.com\/es\/#organization","name":"Sherrod & Bernard, P.C.","url":"https:\/\/www.sherrodandbernard.com\/es\/","logo":{"@type":"ImageObject","inLanguage":"es","@id":"https:\/\/www.sherrodandbernard.com\/es\/#\/schema\/logo\/image\/","url":"https:\/\/www.sherrodandbernard.com\/wp-content\/uploads\/2024\/03\/SB-Logo-1.png","contentUrl":"https:\/\/www.sherrodandbernard.com\/wp-content\/uploads\/2024\/03\/SB-Logo-1.png","width":300,"height":109,"caption":"Sherrod & Bernard, P.C."},"image":{"@id":"https:\/\/www.sherrodandbernard.com\/es\/#\/schema\/logo\/image\/"},"sameAs":["https:\/\/www.facebook.com\/sherrodandbernard\/","https:\/\/x.com\/Sherrod_Bernard","https:\/\/www.linkedin.com\/company\/sherrod-&amp;-bernard-p-c-\/","https:\/\/www.youtube.com\/channel\/UCNK4EK-AuNLyADEP1Gsgx7w\/featured"]}]}},"_links":{"self":[{"href":"https:\/\/www.sherrodandbernard.com\/es\/wp-json\/wp\/v2\/pages\/4112","targetHints":{"allow":["GET"]}}],"collection":[{"href":"https:\/\/www.sherrodandbernard.com\/es\/wp-json\/wp\/v2\/pages"}],"about":[{"href":"https:\/\/www.sherrodandbernard.com\/es\/wp-json\/wp\/v2\/types\/page"}],"author":[{"embeddable":true,"href":"https:\/\/www.sherrodandbernard.com\/es\/wp-json\/wp\/v2\/users\/3"}],"replies":[{"embeddable":true,"href":"https:\/\/www.sherrodandbernard.com\/es\/wp-json\/wp\/v2\/comments?post=4112"}],"version-history":[{"count":1,"href":"https:\/\/www.sherrodandbernard.com\/es\/wp-json\/wp\/v2\/pages\/4112\/revisions"}],"predecessor-version":[{"id":19397,"href":"https:\/\/www.sherrodandbernard.com\/es\/wp-json\/wp\/v2\/pages\/4112\/revisions\/19397"}],"wp:featuredmedia":[{"embeddable":true,"href":"https:\/\/www.sherrodandbernard.com\/es\/wp-json\/wp\/v2\/media\/16861"}],"wp:attachment":[{"href":"https:\/\/www.sherrodandbernard.com\/es\/wp-json\/wp\/v2\/media?parent=4112"}],"curies":[{"name":"wp","href":"https:\/\/api.w.org\/{rel}","templated":true}]}}