{"id":4105,"date":"2024-01-23T11:30:21","date_gmt":"2024-01-23T11:30:21","guid":{"rendered":"https:\/\/www.sherrodandbernard.com\/?page_id=4105"},"modified":"2024-02-25T13:16:04","modified_gmt":"2024-02-25T13:16:04","slug":"abogado-de-compensacion-laboral","status":"publish","type":"page","link":"https:\/\/www.sherrodandbernard.com\/es\/abogado-de-compensacion-laboral\/","title":{"rendered":"Abogado de compensaci\u00f3n laboral"},"content":{"rendered":"<p>Las personas trabajadoras de Georgia a veces se lastiman en el trabajo. Una lesi\u00f3n dolorosa y grave en el lugar de trabajo puede ser devastadora, no solo para el trabajador lesionado, sino tambi\u00e9n para toda la familia.<\/p>\n<p>Muchas veces, la persona que se lesion\u00f3 en el trabajo puede ser el \u00fanico sost\u00e9n de un hogar. Si los ingresos se detienen, esto podr\u00eda significar la ruina financiera. Peor a\u00fan, incluso los mejores empleadores pueden tener aseguradoras que no est\u00e1n dispuestas a ayudarle razonablemente a resolver su reclamo de compensaci\u00f3n laboral, lo que deja al trabajador sin ingresos, sin cobertura de grandes gastos m\u00e9dicos y sin ning\u00fan lugar a donde acudir.<\/p>\n<p>Puede recurrir a nosotros. Si enfrenta este tipo de situaci\u00f3n y necesita ayuda para recuperar los beneficios debido a una lesi\u00f3n en el trabajo, llame a Sherrod &amp; Bernard, P.C., hoy. Nunca cobramos a los clientes una tarifa por discutir su caso, y solo nos pagan si podemos obtener una compensaci\u00f3n por su lesi\u00f3n laboral.<\/p>\n<h2>\u00bfPor qu\u00e9 necesita un abogado de compensaci\u00f3n laboral?<\/h2>\n<p>Muchas personas enfrentan su mayor riesgo de da\u00f1o f\u00edsico en el trabajo. Esto es especialmente cierto para los obreros trabajadores de cuello azul, como los empleados de f\u00e1bricas, los trabajadores de construcci\u00f3n y los conductores de camiones. Incluso los trabajos relativamente \u201cseguros\u201d pueden presentar peligros graves. Los trabajadores pueden lesionarse en una oficina o en una tienda al igual que en una f\u00e1brica o en un sitio de construcci\u00f3n.<\/p>\n<p>Las leyes de compensaci\u00f3n laboral de Georgia se escribieron para brindar seguridad a los empleados y empleadores y para proteger a los trabajadores lesionados, pero con el paso de los a\u00f1os, el proceso se ha vuelto muy complicado. Muchos trabajadores que se lesionan cometen errores simples pero graves al principio de su caso. Un solo plazo o estado de cuenta incumplido podr\u00eda marcar la diferencia entre recuperar el dinero necesario para pagar las facturas y dejarlos a usted y a su familia desprotegidos.<\/p>\n<p>Un abogado de compensaci\u00f3n laboral de Sherrod &amp; Bernard, P.C., puede ayudarlo a asegurarse de que est\u00e1 siguiendo las reglas y protegiendo sus derechos desde el primer d\u00eda. Ll\u00e1menos hoy para aprender m\u00e1s.<\/p>\n<p><a class=\"btn btn-line\" href=\"https:\/\/www.sherrodandbernard.com\/es\/contacto\/\">CONT\u00c1CTENOS AHORA<\/a><\/p>\n<h2>Pasos Para Proteger Sus Derechos Despu\u00e9s O De Un Accidente De Trabajo<\/h2>\n<p>Despu\u00e9s de una lesi\u00f3n en el lugar de trabajo, lo m\u00e1s importante que puede hacer es obtener el tratamiento m\u00e9dico adecuado y asegurarse de que el accidente est\u00e9 documentado. Estos son algunos pasos importantes a seguir para proteger sus derechos:<\/p>\n<h3>Obtenga Atenci\u00f3n M\u00e9dica De Emergencia<\/h3>\n<p>Su salud debe ser su primera preocupaci\u00f3n. Si la lesi\u00f3n puede esperar, solicite el nombre de un m\u00e9dico donde pueda recibir tratamiento en una visita al consultorio. Si se trata de una lesi\u00f3n grave que requiere atenci\u00f3n m\u00e9dica de emergencia, generalmente debe ir a un hospital.<\/p>\n<h3>D\u00edgalo a Su Supervisor<\/h3>\n<p>Posteriormente, informe a un supervisor, director de personal u otro representante apropiado de la compa\u00f1\u00eda acerca de su lesi\u00f3n.<\/p>\n<h3>Obtenga Nombres de Testigos<\/h3>\n<p>Verifique si alguien presenci\u00f3 la lesi\u00f3n. Si es as\u00ed, trate de obtener su nombre y n\u00famero de tel\u00e9fono.<\/p>\n<h3>Llame a Un Abogado De Inmediato<\/h3>\n<p>Una vez que haya recibido atenci\u00f3n de emergencia, comun\u00edquese con un abogado de Sherrod &amp; Bernard, P.C., para analizar sus derechos y obtener orientaci\u00f3n experimentada a trav\u00e9s de su reclamo de compensaci\u00f3n laboral.<\/p>\n<h2>\u00bfQu\u00e9 Cubre La Compensaci\u00f3n Laboral en Georgia?<\/h2>\n<p>No es solo la lesi\u00f3n lo que puede causar problemas. Los trabajadores lesionados tambi\u00e9n enfrentan una serie de cuestiones complicadas despu\u00e9s de lesionarse en el trabajo. La compensaci\u00f3n laboral en Georgia generalmente permite que los reclamantes recuperen lo siguiente:<\/p>\n<h3>Gastos m\u00e9dicos<\/h3>\n<p>Dado el costo cada vez mayor de la atenci\u00f3n m\u00e9dica en los Estados Unidos, probablemente no sea sorprendente que incluso las lesiones aparentemente menores puedan ser muy costosas. Una visita a la sala de emergencias, el diagn\u00f3stico, la factura de la ambulancia, los m\u00e9dicos de la sala de emergencias y algunas citas de seguimiento pueden costar f\u00e1cilmente decenas de miles de d\u00f3lares. Ese n\u00famero aumenta exponencialmente si se requiere cirug\u00eda o fisioterapia a largo plazo. La compensaci\u00f3n laboral puede cubrir todas las facturas m\u00e9dicas relacionadas con la lesi\u00f3n o enfermedad en el lugar de trabajo. Adem\u00e1s, la compensaci\u00f3n laboral puede pagar medicamentos y equipos especiales que puedan ser necesarios, como pr\u00f3tesis.<\/p>\n<h3>Salarios perdidos<\/h3>\n<p>Por su propia naturaleza, los reclamos de compensaci\u00f3n laboral involucran a una persona que result\u00f3 herida mientras trabajaba. Por lo tanto, en la mayor\u00eda de los casos habr\u00e1 alg\u00fan tiempo perdido de trabajo, lo que significa una p\u00e9rdida de ingresos para el trabajador. Por esta raz\u00f3n, la ley permite que el trabajador lesionado reclame la p\u00e9rdida de ingresos en forma de pagos por incapacidad temporal o permanente. Estos beneficios pueden proporcionar un reemplazo parcial de los salarios perdidos.<\/p>\n<h3>Beneficios por muerte<\/h3>\n<p>Lamentablemente, miles de estadounidenses mueren cada a\u00f1o en el trabajo. Si usted es c\u00f3nyuge sobreviviente u otro pariente cercano de un trabajador que muri\u00f3 en el trabajo en un accidente laboral, tambi\u00e9n puede reclamar beneficios por muerte. Este es dinero dise\u00f1ado para compensar a aquellas personas que depend\u00edan del trabajador fallecido para su sustento, como un c\u00f3nyuge sobreviviente o hijos menores.<\/p>\n<h3>Atenci\u00f3n actual o futura<\/h3>\n<p>Algunas lesiones son tan graves que pueden requerir tratamiento m\u00e9dico continuo durante a\u00f1os en el futuro. Por ejemplo, una persona puede requerir terapia con medicamentos a largo plazo, rehabilitaci\u00f3n u otros tratamientos que podr\u00edan extenderse en el futuro. La compensaci\u00f3n laboral puede proporcionar cobertura del tratamiento necesario en curso y futuro de las lesiones relacionadas con el accidente.<\/p>\n","protected":false},"excerpt":{"rendered":"<p>Las personas trabajadoras de Georgia a veces se lastiman en el trabajo. Una lesi\u00f3n dolorosa y grave en el lugar de trabajo puede ser devastadora, no solo para el trabajador lesionado, sino tambi\u00e9n para toda la familia. Muchas veces, la persona que se lesion\u00f3 en el trabajo puede&#8230;<\/p>\n","protected":false},"author":3,"featured_media":17180,"parent":0,"menu_order":101,"comment_status":"closed","ping_status":"closed","template":"practice-area.php","meta":{"_acf_changed":false,"footnotes":""},"class_list":["post-4105","page","type-page","status-publish","has-post-thumbnail","hentry"],"acf":[],"yoast_head":"<!-- This site is optimized with the Yoast SEO plugin v27.2 - https:\/\/yoast.com\/product\/yoast-seo-wordpress\/ -->\n<title>Abogado de Compensaci\u00f3n Laboral | Sherrod &amp; Bernard, P.C.<\/title>\n<meta name=\"description\" content=\"Si sufri\u00f3 una lesi\u00f3n en su sitio de trabajo, cont\u00e1ctenos lo antes posible para revisar su caso de forma gratuita y hacerle saber sus opciones legales.\" \/>\n<meta name=\"robots\" content=\"index, follow, max-snippet:-1, max-image-preview:large, max-video-preview:-1\" \/>\n<link rel=\"canonical\" href=\"https:\/\/www.sherrodandbernard.com\/es\/abogado-de-compensacion-laboral\/\" \/>\n<meta property=\"og:locale\" content=\"es_ES\" \/>\n<meta property=\"og:type\" content=\"article\" \/>\n<meta property=\"og:title\" content=\"Abogado de Compensaci\u00f3n Laboral | Sherrod &amp; Bernard, P.C.\" \/>\n<meta property=\"og:description\" content=\"Si sufri\u00f3 una lesi\u00f3n en su sitio de trabajo, cont\u00e1ctenos lo antes posible para revisar su caso de forma gratuita y hacerle saber sus opciones legales.\" \/>\n<meta property=\"og:url\" content=\"https:\/\/www.sherrodandbernard.com\/es\/abogado-de-compensacion-laboral\/\" \/>\n<meta property=\"og:site_name\" content=\"Sherrod &amp; Bernard, P.C.\" \/>\n<meta property=\"article:publisher\" content=\"https:\/\/www.facebook.com\/sherrodandbernard\/\" \/>\n<meta property=\"article:modified_time\" content=\"2024-02-25T13:16:04+00:00\" \/>\n<meta property=\"og:image\" content=\"https:\/\/www.sherrodandbernard.com\/wp-content\/uploads\/2024\/02\/workers-comp-lawyer.jpeg\" \/>\n\t<meta property=\"og:image:width\" content=\"810\" \/>\n\t<meta property=\"og:image:height\" content=\"250\" \/>\n\t<meta property=\"og:image:type\" content=\"image\/jpeg\" \/>\n<meta name=\"twitter:card\" content=\"summary_large_image\" \/>\n<meta name=\"twitter:site\" content=\"@Sherrod_Bernard\" \/>\n<meta name=\"twitter:label1\" content=\"Tiempo de lectura\" \/>\n\t<meta name=\"twitter:data1\" content=\"5 minutos\" \/>\n<!-- \/ Yoast SEO plugin. -->","yoast_head_json":{"title":"Abogado de Compensaci\u00f3n Laboral | Sherrod & Bernard, P.C.","description":"Si sufri\u00f3 una lesi\u00f3n en su sitio de trabajo, cont\u00e1ctenos lo antes posible para revisar su caso de forma gratuita y hacerle saber sus opciones legales.","robots":{"index":"index","follow":"follow","max-snippet":"max-snippet:-1","max-image-preview":"max-image-preview:large","max-video-preview":"max-video-preview:-1"},"canonical":"https:\/\/www.sherrodandbernard.com\/es\/abogado-de-compensacion-laboral\/","og_locale":"es_ES","og_type":"article","og_title":"Abogado de Compensaci\u00f3n Laboral | Sherrod & Bernard, P.C.","og_description":"Si sufri\u00f3 una lesi\u00f3n en su sitio de trabajo, cont\u00e1ctenos lo antes posible para revisar su caso de forma gratuita y hacerle saber sus opciones legales.","og_url":"https:\/\/www.sherrodandbernard.com\/es\/abogado-de-compensacion-laboral\/","og_site_name":"Sherrod &amp; Bernard, P.C.","article_publisher":"https:\/\/www.facebook.com\/sherrodandbernard\/","article_modified_time":"2024-02-25T13:16:04+00:00","og_image":[{"width":810,"height":250,"url":"https:\/\/www.sherrodandbernard.com\/wp-content\/uploads\/2024\/02\/workers-comp-lawyer.jpeg","type":"image\/jpeg"}],"twitter_card":"summary_large_image","twitter_site":"@Sherrod_Bernard","twitter_misc":{"Tiempo de lectura":"5 minutos"},"schema":{"@context":"https:\/\/schema.org","@graph":[{"@type":"WebPage","@id":"https:\/\/www.sherrodandbernard.com\/es\/abogado-de-compensacion-laboral\/","url":"https:\/\/www.sherrodandbernard.com\/es\/abogado-de-compensacion-laboral\/","name":"Abogado de Compensaci\u00f3n Laboral | Sherrod & Bernard, P.C.","isPartOf":{"@id":"https:\/\/www.sherrodandbernard.com\/es\/#website"},"primaryImageOfPage":{"@id":"https:\/\/www.sherrodandbernard.com\/es\/abogado-de-compensacion-laboral\/#primaryimage"},"image":{"@id":"https:\/\/www.sherrodandbernard.com\/es\/abogado-de-compensacion-laboral\/#primaryimage"},"thumbnailUrl":"https:\/\/www.sherrodandbernard.com\/wp-content\/uploads\/2024\/02\/workers-comp-lawyer.jpeg","datePublished":"2024-01-23T11:30:21+00:00","dateModified":"2024-02-25T13:16:04+00:00","description":"Si sufri\u00f3 una lesi\u00f3n en su sitio de trabajo, cont\u00e1ctenos lo antes posible para revisar su caso de forma gratuita y hacerle saber sus opciones legales.","breadcrumb":{"@id":"https:\/\/www.sherrodandbernard.com\/es\/abogado-de-compensacion-laboral\/#breadcrumb"},"inLanguage":"es","potentialAction":[{"@type":"ReadAction","target":["https:\/\/www.sherrodandbernard.com\/es\/abogado-de-compensacion-laboral\/"]}]},{"@type":"ImageObject","inLanguage":"es","@id":"https:\/\/www.sherrodandbernard.com\/es\/abogado-de-compensacion-laboral\/#primaryimage","url":"https:\/\/www.sherrodandbernard.com\/wp-content\/uploads\/2024\/02\/workers-comp-lawyer.jpeg","contentUrl":"https:\/\/www.sherrodandbernard.com\/wp-content\/uploads\/2024\/02\/workers-comp-lawyer.jpeg","width":810,"height":250,"caption":"construction worker"},{"@type":"BreadcrumbList","@id":"https:\/\/www.sherrodandbernard.com\/es\/abogado-de-compensacion-laboral\/#breadcrumb","itemListElement":[{"@type":"ListItem","position":1,"name":"Inicio","item":"https:\/\/www.sherrodandbernard.com\/es\/inicio\/"},{"@type":"ListItem","position":2,"name":"Abogado de compensaci\u00f3n laboral"}]},{"@type":"WebSite","@id":"https:\/\/www.sherrodandbernard.com\/es\/#website","url":"https:\/\/www.sherrodandbernard.com\/es\/","name":"Sherrod & Bernard, P.C.","description":"","publisher":{"@id":"https:\/\/www.sherrodandbernard.com\/es\/#organization"},"potentialAction":[{"@type":"SearchAction","target":{"@type":"EntryPoint","urlTemplate":"https:\/\/www.sherrodandbernard.com\/es\/?s={search_term_string}"},"query-input":{"@type":"PropertyValueSpecification","valueRequired":true,"valueName":"search_term_string"}}],"inLanguage":"es"},{"@type":"Organization","@id":"https:\/\/www.sherrodandbernard.com\/es\/#organization","name":"Sherrod & Bernard, P.C.","url":"https:\/\/www.sherrodandbernard.com\/es\/","logo":{"@type":"ImageObject","inLanguage":"es","@id":"https:\/\/www.sherrodandbernard.com\/es\/#\/schema\/logo\/image\/","url":"https:\/\/www.sherrodandbernard.com\/wp-content\/uploads\/2024\/03\/SB-Logo-1.png","contentUrl":"https:\/\/www.sherrodandbernard.com\/wp-content\/uploads\/2024\/03\/SB-Logo-1.png","width":300,"height":109,"caption":"Sherrod & Bernard, P.C."},"image":{"@id":"https:\/\/www.sherrodandbernard.com\/es\/#\/schema\/logo\/image\/"},"sameAs":["https:\/\/www.facebook.com\/sherrodandbernard\/","https:\/\/x.com\/Sherrod_Bernard","https:\/\/www.linkedin.com\/company\/sherrod-&amp;-bernard-p-c-\/","https:\/\/www.youtube.com\/channel\/UCNK4EK-AuNLyADEP1Gsgx7w\/featured"]}]}},"_links":{"self":[{"href":"https:\/\/www.sherrodandbernard.com\/es\/wp-json\/wp\/v2\/pages\/4105","targetHints":{"allow":["GET"]}}],"collection":[{"href":"https:\/\/www.sherrodandbernard.com\/es\/wp-json\/wp\/v2\/pages"}],"about":[{"href":"https:\/\/www.sherrodandbernard.com\/es\/wp-json\/wp\/v2\/types\/page"}],"author":[{"embeddable":true,"href":"https:\/\/www.sherrodandbernard.com\/es\/wp-json\/wp\/v2\/users\/3"}],"replies":[{"embeddable":true,"href":"https:\/\/www.sherrodandbernard.com\/es\/wp-json\/wp\/v2\/comments?post=4105"}],"version-history":[{"count":1,"href":"https:\/\/www.sherrodandbernard.com\/es\/wp-json\/wp\/v2\/pages\/4105\/revisions"}],"predecessor-version":[{"id":19467,"href":"https:\/\/www.sherrodandbernard.com\/es\/wp-json\/wp\/v2\/pages\/4105\/revisions\/19467"}],"wp:featuredmedia":[{"embeddable":true,"href":"https:\/\/www.sherrodandbernard.com\/es\/wp-json\/wp\/v2\/media\/17180"}],"wp:attachment":[{"href":"https:\/\/www.sherrodandbernard.com\/es\/wp-json\/wp\/v2\/media?parent=4105"}],"curies":[{"name":"wp","href":"https:\/\/api.w.org\/{rel}","templated":true}]}}