{"id":14731,"date":"2024-01-23T11:37:26","date_gmt":"2024-01-23T11:37:26","guid":{"rendered":"https:\/\/www.sherrodandbernard.com\/?page_id=14731"},"modified":"2024-02-29T13:14:58","modified_gmt":"2024-02-29T13:14:58","slug":"casos-que-aceptamos","status":"publish","type":"page","link":"https:\/\/www.sherrodandbernard.com\/es\/casos-que-aceptamos\/","title":{"rendered":"Casos que aceptamos"},"content":{"rendered":"<p>\u00bfHa sufrido un accidente de auto? \u00bfUn ser querido sufri\u00f3 lesiones debido a la negligencia en un hogar de ancianos? No espere m\u00e1s para buscar el apoyo legal compasivo que usted merece. Nuestros abogados de lesiones personales en Sherrod &amp; Bernard, P.C., est\u00e1n aqu\u00ed para brindarle el asesoramiento que necesita en este momento dif\u00edcil. Con 85 a\u00f1os de experiencia combinada, nuestra firma est\u00e1 preparada para manejar una amplia gama de casos de lesiones en Douglasville, Lithia Springs, Powder Springs, Dallas, Hiram, Winston, Villa Rica, Temple, Cedartown, Bremen y otras comunidades en los condados de Douglas, Carroll, Haralson, Paulding, Polk y Coweta, Georgia. Ya sea que est\u00e9 buscando compensaci\u00f3n por la muerte injusta de un familiar o necesite recuperar gastos m\u00e9dicos y salarios perdidos por sus lesiones personales, los abogados de nuestra firma tienen los recursos y el conocimiento necesarios para ayudarlo. Con nuestro historial comprobado y nuestro compromiso de luchar por nuestros clientes, le brindamos la tranquilidad que usted merece.<\/p>\n<p><strong>Nuestros abogados se enfocan en las siguientes \u00e1reas de pr\u00e1ctica:<\/strong><\/p>\n<ul class=\"bullet-point\">\n<li><strong><a href=\"https:\/\/www.sherrodandbernard.com\/personal-injury\/\">Lesiones personales<\/a>:<\/strong> Conozca m\u00e1s sobre los pasos que tomamos para representar a nuestros clientes durante un <a href=\"https:\/\/www.sherrodandbernard.com\/videos\/how-long-does-a-personal-injury-case-take-sherrod-bernard\/\">caso de lesiones personales<\/a>. Nuestros abogados le brindar\u00e1n el conocimiento y la experiencia para manejar su caso de lesiones personales de inicio a fin. Nuestra meta es conseguirle una compensaci\u00f3n justa por sus lesiones, dolor y sufrimiento, salarios perdidos y frustraci\u00f3n general que viene cuando se sufre una lesi\u00f3n..<\/li>\n<li><strong><a href=\"https:\/\/www.sherrodandbernard.com\/workers-comp-lawyer\/work-injuries\/\">Lesiones relacionadas con el trabajo<\/a>:<\/strong> Si ha resultado herido en el trabajo, perm\u00edtanos representarlo para asegurarse de que su empleador est\u00e1 siguiendo los pasos apropiados bajo la ley de compensaci\u00f3n de trabajadores de Georgia.<\/li>\n<li><strong><a href=\"https:\/\/www.sherrodandbernard.com\/wrongful-death-lawyer\/\">Muerte injusta<\/a>: <\/strong>Si ha perdido a un ser querido o familiar debido a un incidente de muerte injusta, aseg\u00farese de tener orientaci\u00f3n legal lo antes posible. Nuestra firma tiene experiencia en el manejo de estos casos dif\u00edciles y proporcionar\u00e1 el apoyo que necesita.<\/li>\n<li><strong><a href=\"https:\/\/www.sherrodandbernard.com\/car-accident-lawyer\/\">Accidentes de auto<\/a>:<\/strong> \u00a1No permita que un conductor negligente le cause m\u00e1s sufrimiento! Obtenga la compensaci\u00f3n y la restituci\u00f3n que merece por sus lesiones y da\u00f1os a la propiedad llamando a nuestra firma.<\/li>\n<li><a href=\"https:\/\/www.sherrodandbernard.com\/car-accident-lawyer\/types-of-injuries\/\"><strong>Lesiones por accidentes de autom\u00f3vil:<\/strong><\/a> Si resulta herido en un accidente de auto, no cargue con el peso de sus lesiones por s\u00ed mismo. Con gusto representaremos sus intereses y nos aseguraremos de que reciba una compensaci\u00f3n adecuada por sus da\u00f1os.<\/li>\n<li><strong><a href=\"https:\/\/www.sherrodandbernard.com\/car-accident-lawyer\/types-of-injuries\/\">Accidentes de cami\u00f3n<\/a>:<\/strong> Debido al tama\u00f1o y peso de la mayor\u00eda de los camiones, un accidente de cami\u00f3n puede llevar a lesiones graves, a veces incluso a la muerte. Si usted es v\u00edctima de un <a href=\"https:\/\/www.sherrodandbernard.com\/car-accident-lawyer\/speeding-accidents\/\">conductor de cami\u00f3n imprudente<\/a>, comun\u00edquese con nuestra firma inmediatamente.<\/li>\n<li><a href=\"https:\/\/www.sherrodandbernard.com\/truck-accident-lawyer\/types-of-injuries\/\"><strong>Lesiones por accidentes de cami\u00f3n:<\/strong><\/a> Si sufri\u00f3 una lesi\u00f3n como resultado de un accidente de cami\u00f3n, puede tener derecho a una compensaci\u00f3n por sus gastos m\u00e9dicos, salarios perdidos y otros da\u00f1os.<\/li>\n<li><a href=\"https:\/\/www.sherrodandbernard.com\/motorcycle-accident-lawyer\/\"><strong>Accidentes de motocicleta<\/strong><\/a><strong>:<\/strong> \u00bfNecesita asesoramiento legal despu\u00e9s de su accidente en motocicleta? Nuestros abogados de lesiones personales est\u00e1n listos para brindarle el apoyo que necesita en este momento dif\u00edcil.<\/li>\n<li><a href=\"https:\/\/www.sherrodandbernard.com\/workers-comp-lawyer\/\"><strong>Seguridad en motocicletas y posibles da\u00f1os<\/strong><\/a><strong>:<\/strong> Si un conductor negligente le causa una lesi\u00f3n, debe considerar contratar a nuestros abogados de accidentes en motocicleta.<\/li>\n<li><a href=\"https:\/\/www.sherrodandbernard.com\/workers-comp-lawyer\/\"><strong>Compensaci\u00f3n laboral<\/strong><\/a><strong>: <\/strong>Si ha resultado herido en el trabajo, no espere m\u00e1s para buscar la compensaci\u00f3n que realmente merece. Aseg\u00farese de ser tratado justamente por su empleador al tener a un abogado de nuestra firma.<\/li>\n<li><a href=\"https:\/\/www.sherrodandbernard.com\/defective-product-lawyer\/\"><strong>Productos defectuosos<\/strong><\/a><strong>: <\/strong>\u00bfTiene un problema con un producto defectuoso? \u00bfHa sufrido una lesi\u00f3n debido a equipo defectuoso? Permita que nuestros abogados le brinden la orientaci\u00f3n legal que necesita para tomar las medidas correctas para su futuro.<\/li>\n<li><a href=\"https:\/\/www.sherrodandbernard.com\/premises-liability-lawyer\/\"><strong>Responsabilidad de las instalaciones<\/strong><\/a><strong>:<\/strong> Un propietario de propiedades tiene la obligaci\u00f3n de mantener sus instalaciones seguras para los visitantes y hu\u00e9spedes. Si ha resultado herido en un estacionamiento, supermercado o en un \u00e1rea p\u00fablica, aseg\u00farese de buscar la compensaci\u00f3n que usted merece.<\/li>\n<li><a href=\"https:\/\/www.sherrodandbernard.com\/premises-liability-lawyer\/\"><strong>Negligencia en hogares de ancianos<\/strong><\/a><strong>: <\/strong>Si su ser querido ha sido maltratado o descuidado en un hogar de ancianos, no espere m\u00e1s para tomar medidas. Nuestro equipo legal est\u00e1 comprometido en buscar justicia y una compensaci\u00f3n justa en estas situaciones.<\/li>\n<li><a href=\"https:\/\/www.sherrodandbernard.com\/personal-injury\/dog-bite-lawyer\/\"><strong>Mordida de perro:<\/strong><\/a> Una mordida de perro puede resultar en lesiones graves y da\u00f1os, especialmente en un ni\u00f1o. Si usted o su hijo han sido heridos por un ataque de perro, permita que nuestra firma le brinde el apoyo legal que necesita.<\/li>\n<\/ul>\n<p><a href=\"https:\/\/www.sherrodandbernard.com\/es\/contacto\/\">Comun\u00edquese<\/a> con Sherrod &amp; Bernard, P.C., hoy mismo al 678-905-7503 para programar su consulta gratuita.<\/p>\n","protected":false},"excerpt":{"rendered":"<p>\u00bfHa sufrido un accidente de auto? \u00bfUn ser querido sufri\u00f3 lesiones debido a la negligencia en un hogar de ancianos? No espere m\u00e1s para buscar el apoyo legal compasivo que usted merece. Nuestros abogados de lesiones personales en Sherrod &amp; Bernard, P.C., est\u00e1n aqu\u00ed para brindarle el asesoramiento&#8230;<\/p>\n","protected":false},"author":6,"featured_media":0,"parent":0,"menu_order":87,"comment_status":"closed","ping_status":"closed","template":"archive-pa.php","meta":{"_acf_changed":false,"footnotes":""},"class_list":["post-14731","page","type-page","status-publish","hentry"],"acf":[],"yoast_head":"<!-- This site is optimized with the Yoast SEO plugin v27.2 - https:\/\/yoast.com\/product\/yoast-seo-wordpress\/ -->\n<title>Casos que aceptamos | Sherrod and Bernard<\/title>\n<meta name=\"description\" content=\"Si necesita ayuda con un caso de lesiones personales, consulte a nuestros abogados para que lo gu\u00eden en el proceso.\" \/>\n<meta name=\"robots\" content=\"index, follow, max-snippet:-1, max-image-preview:large, max-video-preview:-1\" \/>\n<link rel=\"canonical\" href=\"https:\/\/www.sherrodandbernard.com\/es\/casos-que-aceptamos\/\" \/>\n<meta property=\"og:locale\" content=\"es_ES\" \/>\n<meta property=\"og:type\" content=\"article\" \/>\n<meta property=\"og:title\" content=\"Casos que aceptamos | Sherrod and Bernard\" \/>\n<meta property=\"og:description\" content=\"Si necesita ayuda con un caso de lesiones personales, consulte a nuestros abogados para que lo gu\u00eden en el proceso.\" \/>\n<meta property=\"og:url\" content=\"https:\/\/www.sherrodandbernard.com\/es\/casos-que-aceptamos\/\" \/>\n<meta property=\"og:site_name\" content=\"Sherrod &amp; Bernard, P.C.\" \/>\n<meta property=\"article:publisher\" content=\"https:\/\/www.facebook.com\/sherrodandbernard\/\" \/>\n<meta property=\"article:modified_time\" content=\"2024-02-29T13:14:58+00:00\" \/>\n<meta name=\"twitter:card\" content=\"summary_large_image\" \/>\n<meta name=\"twitter:site\" content=\"@Sherrod_Bernard\" \/>\n<meta name=\"twitter:label1\" content=\"Tiempo de lectura\" \/>\n\t<meta name=\"twitter:data1\" content=\"4 minutos\" \/>\n<!-- \/ Yoast SEO plugin. -->","yoast_head_json":{"title":"Casos que aceptamos | Sherrod and Bernard","description":"Si necesita ayuda con un caso de lesiones personales, consulte a nuestros abogados para que lo gu\u00eden en el proceso.","robots":{"index":"index","follow":"follow","max-snippet":"max-snippet:-1","max-image-preview":"max-image-preview:large","max-video-preview":"max-video-preview:-1"},"canonical":"https:\/\/www.sherrodandbernard.com\/es\/casos-que-aceptamos\/","og_locale":"es_ES","og_type":"article","og_title":"Casos que aceptamos | Sherrod and Bernard","og_description":"Si necesita ayuda con un caso de lesiones personales, consulte a nuestros abogados para que lo gu\u00eden en el proceso.","og_url":"https:\/\/www.sherrodandbernard.com\/es\/casos-que-aceptamos\/","og_site_name":"Sherrod &amp; Bernard, P.C.","article_publisher":"https:\/\/www.facebook.com\/sherrodandbernard\/","article_modified_time":"2024-02-29T13:14:58+00:00","twitter_card":"summary_large_image","twitter_site":"@Sherrod_Bernard","twitter_misc":{"Tiempo de lectura":"4 minutos"},"schema":{"@context":"https:\/\/schema.org","@graph":[{"@type":"WebPage","@id":"https:\/\/www.sherrodandbernard.com\/es\/casos-que-aceptamos\/","url":"https:\/\/www.sherrodandbernard.com\/es\/casos-que-aceptamos\/","name":"Casos que aceptamos | Sherrod and Bernard","isPartOf":{"@id":"https:\/\/www.sherrodandbernard.com\/es\/#website"},"datePublished":"2024-01-23T11:37:26+00:00","dateModified":"2024-02-29T13:14:58+00:00","description":"Si necesita ayuda con un caso de lesiones personales, consulte a nuestros abogados para que lo gu\u00eden en el proceso.","breadcrumb":{"@id":"https:\/\/www.sherrodandbernard.com\/es\/casos-que-aceptamos\/#breadcrumb"},"inLanguage":"es","potentialAction":[{"@type":"ReadAction","target":["https:\/\/www.sherrodandbernard.com\/es\/casos-que-aceptamos\/"]}]},{"@type":"BreadcrumbList","@id":"https:\/\/www.sherrodandbernard.com\/es\/casos-que-aceptamos\/#breadcrumb","itemListElement":[{"@type":"ListItem","position":1,"name":"Inicio","item":"https:\/\/www.sherrodandbernard.com\/es\/inicio\/"},{"@type":"ListItem","position":2,"name":"Casos que aceptamos"}]},{"@type":"WebSite","@id":"https:\/\/www.sherrodandbernard.com\/es\/#website","url":"https:\/\/www.sherrodandbernard.com\/es\/","name":"Sherrod & Bernard, P.C.","description":"","publisher":{"@id":"https:\/\/www.sherrodandbernard.com\/es\/#organization"},"potentialAction":[{"@type":"SearchAction","target":{"@type":"EntryPoint","urlTemplate":"https:\/\/www.sherrodandbernard.com\/es\/?s={search_term_string}"},"query-input":{"@type":"PropertyValueSpecification","valueRequired":true,"valueName":"search_term_string"}}],"inLanguage":"es"},{"@type":"Organization","@id":"https:\/\/www.sherrodandbernard.com\/es\/#organization","name":"Sherrod & Bernard, P.C.","url":"https:\/\/www.sherrodandbernard.com\/es\/","logo":{"@type":"ImageObject","inLanguage":"es","@id":"https:\/\/www.sherrodandbernard.com\/es\/#\/schema\/logo\/image\/","url":"https:\/\/www.sherrodandbernard.com\/wp-content\/uploads\/2024\/03\/SB-Logo-1.png","contentUrl":"https:\/\/www.sherrodandbernard.com\/wp-content\/uploads\/2024\/03\/SB-Logo-1.png","width":300,"height":109,"caption":"Sherrod & Bernard, P.C."},"image":{"@id":"https:\/\/www.sherrodandbernard.com\/es\/#\/schema\/logo\/image\/"},"sameAs":["https:\/\/www.facebook.com\/sherrodandbernard\/","https:\/\/x.com\/Sherrod_Bernard","https:\/\/www.linkedin.com\/company\/sherrod-&amp;-bernard-p-c-\/","https:\/\/www.youtube.com\/channel\/UCNK4EK-AuNLyADEP1Gsgx7w\/featured"]}]}},"_links":{"self":[{"href":"https:\/\/www.sherrodandbernard.com\/es\/wp-json\/wp\/v2\/pages\/14731","targetHints":{"allow":["GET"]}}],"collection":[{"href":"https:\/\/www.sherrodandbernard.com\/es\/wp-json\/wp\/v2\/pages"}],"about":[{"href":"https:\/\/www.sherrodandbernard.com\/es\/wp-json\/wp\/v2\/types\/page"}],"author":[{"embeddable":true,"href":"https:\/\/www.sherrodandbernard.com\/es\/wp-json\/wp\/v2\/users\/6"}],"replies":[{"embeddable":true,"href":"https:\/\/www.sherrodandbernard.com\/es\/wp-json\/wp\/v2\/comments?post=14731"}],"version-history":[{"count":1,"href":"https:\/\/www.sherrodandbernard.com\/es\/wp-json\/wp\/v2\/pages\/14731\/revisions"}],"predecessor-version":[{"id":18394,"href":"https:\/\/www.sherrodandbernard.com\/es\/wp-json\/wp\/v2\/pages\/14731\/revisions\/18394"}],"wp:attachment":[{"href":"https:\/\/www.sherrodandbernard.com\/es\/wp-json\/wp\/v2\/media?parent=14731"}],"curies":[{"name":"wp","href":"https:\/\/api.w.org\/{rel}","templated":true}]}}