{"id":14522,"date":"2024-01-23T10:19:44","date_gmt":"2024-01-23T10:19:44","guid":{"rendered":"https:\/\/www.sherrodandbernard.com\/?page_id=14522"},"modified":"2024-02-23T11:01:14","modified_gmt":"2024-02-23T11:01:14","slug":"mapa-del-sitio","status":"publish","type":"page","link":"https:\/\/www.sherrodandbernard.com\/es\/mapa-del-sitio\/","title":{"rendered":"Mapa del Sitio"},"content":{"rendered":"","protected":false},"excerpt":{"rendered":"","protected":false},"author":6,"featured_media":0,"parent":0,"menu_order":172,"comment_status":"closed","ping_status":"closed","template":"","meta":{"_acf_changed":false,"footnotes":""},"class_list":["post-14522","page","type-page","status-publish","hentry"],"acf":[],"yoast_head":"<!-- This site is optimized with the Yoast SEO plugin v27.2 - https:\/\/yoast.com\/product\/yoast-seo-wordpress\/ -->\n<title>Mapa del Sitio | Sherrod &amp; Bernard, P.C.<\/title>\n<meta name=\"description\" content=\"Navegue por el Mapa del sitio de Sherrod y Bernard, P.C., para encontrar enlaces \u00fatiles sobre compensaci\u00f3n laboral, lesiones personales, derecho familiar y penal, y m\u00e1s.\" \/>\n<meta name=\"robots\" content=\"index, follow, max-snippet:-1, max-image-preview:large, max-video-preview:-1\" \/>\n<link rel=\"canonical\" href=\"https:\/\/www.sherrodandbernard.com\/es\/mapa-del-sitio\/\" \/>\n<meta property=\"og:locale\" content=\"es_ES\" \/>\n<meta property=\"og:type\" content=\"article\" \/>\n<meta property=\"og:title\" content=\"Mapa del Sitio | Sherrod &amp; Bernard, P.C.\" \/>\n<meta property=\"og:description\" content=\"Navegue por el Mapa del sitio de Sherrod y Bernard, P.C., para encontrar enlaces \u00fatiles sobre compensaci\u00f3n laboral, lesiones personales, derecho familiar y penal, y m\u00e1s.\" \/>\n<meta property=\"og:url\" content=\"https:\/\/www.sherrodandbernard.com\/es\/mapa-del-sitio\/\" \/>\n<meta property=\"og:site_name\" content=\"Sherrod &amp; Bernard, P.C.\" \/>\n<meta property=\"article:publisher\" content=\"https:\/\/www.facebook.com\/sherrodandbernard\/\" \/>\n<meta property=\"article:modified_time\" content=\"2024-02-23T11:01:14+00:00\" \/>\n<meta name=\"twitter:card\" content=\"summary_large_image\" \/>\n<meta name=\"twitter:site\" content=\"@Sherrod_Bernard\" \/>\n<!-- \/ Yoast SEO plugin. -->","yoast_head_json":{"title":"Mapa del Sitio | Sherrod & Bernard, P.C.","description":"Navegue por el Mapa del sitio de Sherrod y Bernard, P.C., para encontrar enlaces \u00fatiles sobre compensaci\u00f3n laboral, lesiones personales, derecho familiar y penal, y m\u00e1s.","robots":{"index":"index","follow":"follow","max-snippet":"max-snippet:-1","max-image-preview":"max-image-preview:large","max-video-preview":"max-video-preview:-1"},"canonical":"https:\/\/www.sherrodandbernard.com\/es\/mapa-del-sitio\/","og_locale":"es_ES","og_type":"article","og_title":"Mapa del Sitio | Sherrod & Bernard, P.C.","og_description":"Navegue por el Mapa del sitio de Sherrod y Bernard, P.C., para encontrar enlaces \u00fatiles sobre compensaci\u00f3n laboral, lesiones personales, derecho familiar y penal, y m\u00e1s.","og_url":"https:\/\/www.sherrodandbernard.com\/es\/mapa-del-sitio\/","og_site_name":"Sherrod &amp; Bernard, P.C.","article_publisher":"https:\/\/www.facebook.com\/sherrodandbernard\/","article_modified_time":"2024-02-23T11:01:14+00:00","twitter_card":"summary_large_image","twitter_site":"@Sherrod_Bernard","schema":{"@context":"https:\/\/schema.org","@graph":[{"@type":"WebPage","@id":"https:\/\/www.sherrodandbernard.com\/es\/mapa-del-sitio\/","url":"https:\/\/www.sherrodandbernard.com\/es\/mapa-del-sitio\/","name":"Mapa del Sitio | Sherrod & Bernard, P.C.","isPartOf":{"@id":"https:\/\/www.sherrodandbernard.com\/es\/#website"},"datePublished":"2024-01-23T10:19:44+00:00","dateModified":"2024-02-23T11:01:14+00:00","description":"Navegue por el Mapa del sitio de Sherrod y Bernard, P.C., para encontrar enlaces \u00fatiles sobre compensaci\u00f3n laboral, lesiones personales, derecho familiar y penal, y m\u00e1s.","breadcrumb":{"@id":"https:\/\/www.sherrodandbernard.com\/es\/mapa-del-sitio\/#breadcrumb"},"inLanguage":"es","potentialAction":[{"@type":"ReadAction","target":["https:\/\/www.sherrodandbernard.com\/es\/mapa-del-sitio\/"]}]},{"@type":"BreadcrumbList","@id":"https:\/\/www.sherrodandbernard.com\/es\/mapa-del-sitio\/#breadcrumb","itemListElement":[{"@type":"ListItem","position":1,"name":"Inicio","item":"https:\/\/www.sherrodandbernard.com\/es\/inicio\/"},{"@type":"ListItem","position":2,"name":"Mapa del Sitio"}]},{"@type":"WebSite","@id":"https:\/\/www.sherrodandbernard.com\/es\/#website","url":"https:\/\/www.sherrodandbernard.com\/es\/","name":"Sherrod & Bernard, P.C.","description":"","publisher":{"@id":"https:\/\/www.sherrodandbernard.com\/es\/#organization"},"potentialAction":[{"@type":"SearchAction","target":{"@type":"EntryPoint","urlTemplate":"https:\/\/www.sherrodandbernard.com\/es\/?s={search_term_string}"},"query-input":{"@type":"PropertyValueSpecification","valueRequired":true,"valueName":"search_term_string"}}],"inLanguage":"es"},{"@type":"Organization","@id":"https:\/\/www.sherrodandbernard.com\/es\/#organization","name":"Sherrod & Bernard, P.C.","url":"https:\/\/www.sherrodandbernard.com\/es\/","logo":{"@type":"ImageObject","inLanguage":"es","@id":"https:\/\/www.sherrodandbernard.com\/es\/#\/schema\/logo\/image\/","url":"https:\/\/www.sherrodandbernard.com\/wp-content\/uploads\/2024\/03\/SB-Logo-1.png","contentUrl":"https:\/\/www.sherrodandbernard.com\/wp-content\/uploads\/2024\/03\/SB-Logo-1.png","width":300,"height":109,"caption":"Sherrod & Bernard, P.C."},"image":{"@id":"https:\/\/www.sherrodandbernard.com\/es\/#\/schema\/logo\/image\/"},"sameAs":["https:\/\/www.facebook.com\/sherrodandbernard\/","https:\/\/x.com\/Sherrod_Bernard","https:\/\/www.linkedin.com\/company\/sherrod-&amp;-bernard-p-c-\/","https:\/\/www.youtube.com\/channel\/UCNK4EK-AuNLyADEP1Gsgx7w\/featured"]}]}},"_links":{"self":[{"href":"https:\/\/www.sherrodandbernard.com\/es\/wp-json\/wp\/v2\/pages\/14522","targetHints":{"allow":["GET"]}}],"collection":[{"href":"https:\/\/www.sherrodandbernard.com\/es\/wp-json\/wp\/v2\/pages"}],"about":[{"href":"https:\/\/www.sherrodandbernard.com\/es\/wp-json\/wp\/v2\/types\/page"}],"author":[{"embeddable":true,"href":"https:\/\/www.sherrodandbernard.com\/es\/wp-json\/wp\/v2\/users\/6"}],"replies":[{"embeddable":true,"href":"https:\/\/www.sherrodandbernard.com\/es\/wp-json\/wp\/v2\/comments?post=14522"}],"version-history":[{"count":0,"href":"https:\/\/www.sherrodandbernard.com\/es\/wp-json\/wp\/v2\/pages\/14522\/revisions"}],"wp:attachment":[{"href":"https:\/\/www.sherrodandbernard.com\/es\/wp-json\/wp\/v2\/media?parent=14522"}],"curies":[{"name":"wp","href":"https:\/\/api.w.org\/{rel}","templated":true}]}}